{"id":412,"date":"2025-03-19T12:24:56","date_gmt":"2025-03-19T12:24:56","guid":{"rendered":"https:\/\/www.teekutsut.fi\/blog\/?page_id=412"},"modified":"2025-03-19T12:24:56","modified_gmt":"2025-03-19T12:24:56","slug":"teekutsut-hullun-hatuntekijan-tapaan","status":"publish","type":"page","link":"http:\/\/www.teekutsut.fi\/blog\/index.php\/teekutsut-hullun-hatuntekijan-tapaan\/","title":{"rendered":"Teekutsut Hullun Hatuntekij\u00e4n tapaan"},"content":{"rendered":"\n<p>Kaipaatteko hienostunutta tunnelmaa ja englantilaista iltap\u00e4iv\u00e4teet\u00e4 juhliinne? Ehk\u00e4p\u00e4 babyshowerit, polttarit, muu tilaisuutenne olisikin ikimuistoinen ja erikoinen pienell\u00e4 Hullun Hatuntekij\u00e4n twistill\u00e4? Liisa Ihmemaassa ei ole entisens\u00e4 n\u00e4iden j\u00e4lkeen.&nbsp;<\/p>\n\n\n\n<p>Teekutsut -pakettiin saadaan r\u00e4\u00e4t\u00e4l\u00f6ity\u00e4 tarjottavat, somisteet ja ohjelma. Somisteet kunnioittavat wanhan maailman hienostuneisuutta samalla tajuntaa laajentaen hassuin yksityiskohdin ja absurdein elementein. Ohjelma ei my\u00f6sk\u00e4\u00e4n sis\u00e4ll\u00e4 perinteisi\u00e4 kaavoja, vaan krokettia (flamingoja vahingoittamatta), brittil\u00e4isi\u00e4 kummitustarinoita ja korttipelej\u00e4. Osallistavaa sanailua saadaan aina aikaan, joskin seurueellanne on tilaa ja aikaa keskin\u00e4iseen seurusteluun. Tarjottavat ovat pient\u00e4 purtavaa, joka sopii iltap\u00e4iv\u00e4n teemaan. Halutessanne voitte pukeutua vintageen tai elegantteihin asuihin.&nbsp;<\/p>\n\n\n\n<figure class=\"wp-block-gallery has-nested-images columns-default is-cropped wp-block-gallery-1 is-layout-flex wp-block-gallery-is-layout-flex\">\n<figure class=\"wp-block-image size-large\"><img loading=\"lazy\" decoding=\"async\" width=\"819\" height=\"1024\" data-id=\"429\" src=\"https:\/\/www.teekutsut.fi\/blog\/wp-content\/uploads\/2025\/03\/teekutsut_flamingo_pysty-819x1024.jpg\" alt=\"\" class=\"wp-image-429\" srcset=\"http:\/\/www.teekutsut.fi\/blog\/wp-content\/uploads\/2025\/03\/teekutsut_flamingo_pysty-819x1024.jpg 819w, http:\/\/www.teekutsut.fi\/blog\/wp-content\/uploads\/2025\/03\/teekutsut_flamingo_pysty-240x300.jpg 240w, http:\/\/www.teekutsut.fi\/blog\/wp-content\/uploads\/2025\/03\/teekutsut_flamingo_pysty-768x960.jpg 768w, http:\/\/www.teekutsut.fi\/blog\/wp-content\/uploads\/2025\/03\/teekutsut_flamingo_pysty.jpg 1080w\" sizes=\"auto, (max-width: 819px) 100vw, 819px\" \/><\/figure>\n\n\n\n<figure class=\"wp-block-image size-large\"><img loading=\"lazy\" decoding=\"async\" width=\"819\" height=\"1024\" data-id=\"420\" src=\"https:\/\/www.teekutsut.fi\/blog\/wp-content\/uploads\/2025\/03\/teekutsut_kani_pysty-819x1024.jpg\" alt=\"\" class=\"wp-image-420\" srcset=\"http:\/\/www.teekutsut.fi\/blog\/wp-content\/uploads\/2025\/03\/teekutsut_kani_pysty-819x1024.jpg 819w, http:\/\/www.teekutsut.fi\/blog\/wp-content\/uploads\/2025\/03\/teekutsut_kani_pysty-240x300.jpg 240w, http:\/\/www.teekutsut.fi\/blog\/wp-content\/uploads\/2025\/03\/teekutsut_kani_pysty-768x960.jpg 768w, http:\/\/www.teekutsut.fi\/blog\/wp-content\/uploads\/2025\/03\/teekutsut_kani_pysty.jpg 1080w\" sizes=\"auto, (max-width: 819px) 100vw, 819px\" \/><\/figure>\n\n\n\n<figure class=\"wp-block-image size-large\"><img loading=\"lazy\" decoding=\"async\" width=\"819\" height=\"1024\" data-id=\"422\" src=\"https:\/\/www.teekutsut.fi\/blog\/wp-content\/uploads\/2025\/03\/teekutsut_kannupallo_pysty-819x1024.jpg\" alt=\"\" class=\"wp-image-422\" srcset=\"http:\/\/www.teekutsut.fi\/blog\/wp-content\/uploads\/2025\/03\/teekutsut_kannupallo_pysty-819x1024.jpg 819w, http:\/\/www.teekutsut.fi\/blog\/wp-content\/uploads\/2025\/03\/teekutsut_kannupallo_pysty-240x300.jpg 240w, http:\/\/www.teekutsut.fi\/blog\/wp-content\/uploads\/2025\/03\/teekutsut_kannupallo_pysty-768x960.jpg 768w, http:\/\/www.teekutsut.fi\/blog\/wp-content\/uploads\/2025\/03\/teekutsut_kannupallo_pysty.jpg 1080w\" sizes=\"auto, (max-width: 819px) 100vw, 819px\" \/><\/figure>\n\n\n\n<figure class=\"wp-block-image size-large\"><img loading=\"lazy\" decoding=\"async\" width=\"819\" height=\"1024\" data-id=\"421\" src=\"https:\/\/www.teekutsut.fi\/blog\/wp-content\/uploads\/2025\/03\/teekutsut_kello_pysty-819x1024.jpg\" alt=\"\" class=\"wp-image-421\" srcset=\"http:\/\/www.teekutsut.fi\/blog\/wp-content\/uploads\/2025\/03\/teekutsut_kello_pysty-819x1024.jpg 819w, http:\/\/www.teekutsut.fi\/blog\/wp-content\/uploads\/2025\/03\/teekutsut_kello_pysty-240x300.jpg 240w, http:\/\/www.teekutsut.fi\/blog\/wp-content\/uploads\/2025\/03\/teekutsut_kello_pysty-768x960.jpg 768w, http:\/\/www.teekutsut.fi\/blog\/wp-content\/uploads\/2025\/03\/teekutsut_kello_pysty.jpg 1080w\" sizes=\"auto, (max-width: 819px) 100vw, 819px\" \/><\/figure>\n\n\n\n<figure class=\"wp-block-image size-large\"><img loading=\"lazy\" decoding=\"async\" width=\"819\" height=\"1024\" data-id=\"423\" src=\"https:\/\/www.teekutsut.fi\/blog\/wp-content\/uploads\/2025\/03\/teekutsut_kellokani_pysty-819x1024.jpg\" alt=\"\" class=\"wp-image-423\" srcset=\"http:\/\/www.teekutsut.fi\/blog\/wp-content\/uploads\/2025\/03\/teekutsut_kellokani_pysty-819x1024.jpg 819w, http:\/\/www.teekutsut.fi\/blog\/wp-content\/uploads\/2025\/03\/teekutsut_kellokani_pysty-240x300.jpg 240w, http:\/\/www.teekutsut.fi\/blog\/wp-content\/uploads\/2025\/03\/teekutsut_kellokani_pysty-768x960.jpg 768w, http:\/\/www.teekutsut.fi\/blog\/wp-content\/uploads\/2025\/03\/teekutsut_kellokani_pysty.jpg 1080w\" sizes=\"auto, (max-width: 819px) 100vw, 819px\" \/><\/figure>\n\n\n\n<figure class=\"wp-block-image size-large\"><img loading=\"lazy\" decoding=\"async\" width=\"819\" height=\"1024\" data-id=\"425\" src=\"https:\/\/www.teekutsut.fi\/blog\/wp-content\/uploads\/2025\/03\/teekutsut_kelloruusu_pysty-819x1024.jpg\" alt=\"\" class=\"wp-image-425\" srcset=\"http:\/\/www.teekutsut.fi\/blog\/wp-content\/uploads\/2025\/03\/teekutsut_kelloruusu_pysty-819x1024.jpg 819w, http:\/\/www.teekutsut.fi\/blog\/wp-content\/uploads\/2025\/03\/teekutsut_kelloruusu_pysty-240x300.jpg 240w, http:\/\/www.teekutsut.fi\/blog\/wp-content\/uploads\/2025\/03\/teekutsut_kelloruusu_pysty-768x960.jpg 768w, http:\/\/www.teekutsut.fi\/blog\/wp-content\/uploads\/2025\/03\/teekutsut_kelloruusu_pysty.jpg 1080w\" sizes=\"auto, (max-width: 819px) 100vw, 819px\" \/><\/figure>\n\n\n\n<figure class=\"wp-block-image size-large\"><img loading=\"lazy\" decoding=\"async\" width=\"819\" height=\"1024\" data-id=\"426\" src=\"https:\/\/www.teekutsut.fi\/blog\/wp-content\/uploads\/2025\/03\/teekutsut_kuppi_pysty-819x1024.jpg\" alt=\"\" class=\"wp-image-426\" srcset=\"http:\/\/www.teekutsut.fi\/blog\/wp-content\/uploads\/2025\/03\/teekutsut_kuppi_pysty-819x1024.jpg 819w, http:\/\/www.teekutsut.fi\/blog\/wp-content\/uploads\/2025\/03\/teekutsut_kuppi_pysty-240x300.jpg 240w, http:\/\/www.teekutsut.fi\/blog\/wp-content\/uploads\/2025\/03\/teekutsut_kuppi_pysty-768x960.jpg 768w, http:\/\/www.teekutsut.fi\/blog\/wp-content\/uploads\/2025\/03\/teekutsut_kuppi_pysty.jpg 1080w\" sizes=\"auto, (max-width: 819px) 100vw, 819px\" \/><\/figure>\n\n\n\n<figure class=\"wp-block-image size-large\"><img loading=\"lazy\" decoding=\"async\" width=\"819\" height=\"1024\" data-id=\"427\" src=\"https:\/\/www.teekutsut.fi\/blog\/wp-content\/uploads\/2025\/03\/teekutsut_pallo_pysty-819x1024.jpg\" alt=\"\" class=\"wp-image-427\" srcset=\"http:\/\/www.teekutsut.fi\/blog\/wp-content\/uploads\/2025\/03\/teekutsut_pallo_pysty-819x1024.jpg 819w, http:\/\/www.teekutsut.fi\/blog\/wp-content\/uploads\/2025\/03\/teekutsut_pallo_pysty-240x300.jpg 240w, http:\/\/www.teekutsut.fi\/blog\/wp-content\/uploads\/2025\/03\/teekutsut_pallo_pysty-768x960.jpg 768w, http:\/\/www.teekutsut.fi\/blog\/wp-content\/uploads\/2025\/03\/teekutsut_pallo_pysty.jpg 1080w\" sizes=\"auto, (max-width: 819px) 100vw, 819px\" \/><\/figure>\n\n\n\n<figure class=\"wp-block-image size-large\"><img loading=\"lazy\" decoding=\"async\" width=\"819\" height=\"1024\" data-id=\"424\" src=\"https:\/\/www.teekutsut.fi\/blog\/wp-content\/uploads\/2025\/03\/teekutsut_suhju_pysty-819x1024.jpg\" alt=\"\" class=\"wp-image-424\" srcset=\"http:\/\/www.teekutsut.fi\/blog\/wp-content\/uploads\/2025\/03\/teekutsut_suhju_pysty-819x1024.jpg 819w, http:\/\/www.teekutsut.fi\/blog\/wp-content\/uploads\/2025\/03\/teekutsut_suhju_pysty-240x300.jpg 240w, http:\/\/www.teekutsut.fi\/blog\/wp-content\/uploads\/2025\/03\/teekutsut_suhju_pysty-768x960.jpg 768w, http:\/\/www.teekutsut.fi\/blog\/wp-content\/uploads\/2025\/03\/teekutsut_suhju_pysty.jpg 1080w\" sizes=\"auto, (max-width: 819px) 100vw, 819px\" \/><\/figure>\n<\/figure>\n","protected":false},"excerpt":{"rendered":"<p>Kaipaatteko hienostunutta tunnelmaa ja englantilaista iltap\u00e4iv\u00e4teet\u00e4 juhliinne? Ehk\u00e4p\u00e4 babyshowerit, polttarit, muu tilaisuutenne olisikin ikimuistoinen ja erikoinen pienell\u00e4 Hullun Hatuntekij\u00e4n twistill\u00e4? Liisa Ihmemaassa ei ole entisens\u00e4 n\u00e4iden j\u00e4lkeen.&nbsp; Teekutsut -pakettiin saadaan r\u00e4\u00e4t\u00e4l\u00f6ity\u00e4 tarjottavat, somisteet ja ohjelma. Somisteet kunnioittavat wanhan maailman hienostuneisuutta samalla tajuntaa laajentaen hassuin yksityiskohdin ja absurdein elementein. Ohjelma ei my\u00f6sk\u00e4\u00e4n sis\u00e4ll\u00e4 perinteisi\u00e4 kaavoja, vaan [&hellip;]<\/p>\n","protected":false},"author":1,"featured_media":0,"parent":0,"menu_order":0,"comment_status":"closed","ping_status":"closed","template":"","meta":{"footnotes":""},"class_list":["post-412","page","type-page","status-publish","hentry"],"_links":{"self":[{"href":"http:\/\/www.teekutsut.fi\/blog\/index.php\/wp-json\/wp\/v2\/pages\/412","targetHints":{"allow":["GET"]}}],"collection":[{"href":"http:\/\/www.teekutsut.fi\/blog\/index.php\/wp-json\/wp\/v2\/pages"}],"about":[{"href":"http:\/\/www.teekutsut.fi\/blog\/index.php\/wp-json\/wp\/v2\/types\/page"}],"author":[{"embeddable":true,"href":"http:\/\/www.teekutsut.fi\/blog\/index.php\/wp-json\/wp\/v2\/users\/1"}],"replies":[{"embeddable":true,"href":"http:\/\/www.teekutsut.fi\/blog\/index.php\/wp-json\/wp\/v2\/comments?post=412"}],"version-history":[{"count":2,"href":"http:\/\/www.teekutsut.fi\/blog\/index.php\/wp-json\/wp\/v2\/pages\/412\/revisions"}],"predecessor-version":[{"id":430,"href":"http:\/\/www.teekutsut.fi\/blog\/index.php\/wp-json\/wp\/v2\/pages\/412\/revisions\/430"}],"wp:attachment":[{"href":"http:\/\/www.teekutsut.fi\/blog\/index.php\/wp-json\/wp\/v2\/media?parent=412"}],"curies":[{"name":"wp","href":"https:\/\/api.w.org\/{rel}","templated":true}]}}