{"id":301,"date":"2024-10-21T21:11:11","date_gmt":"2024-10-21T21:11:11","guid":{"rendered":"https:\/\/www.teekutsut.fi\/blog\/?page_id=301"},"modified":"2024-10-21T21:11:11","modified_gmt":"2024-10-21T21:11:11","slug":"kauhua-ja-tarot-tulkintaa-polttareihin","status":"publish","type":"page","link":"http:\/\/www.teekutsut.fi\/blog\/index.php\/kauhua-ja-tarot-tulkintaa-polttareihin\/","title":{"rendered":"Kauhua ja tarot-tulkintaa polttareihin"},"content":{"rendered":"\n<p>Hyl\u00e4tty ratavartijan asunto Naantalissa elokuun pimenev\u00e4ss\u00e4 illassa. Talolla on karmiva salaisuus. <\/p>\n\n\n\n<p>Polttariporukan teht\u00e4v\u00e4n\u00e4 oli ratkoa kutsu, jolla polttarisankarin 1863 kuolleen yst\u00e4v\u00e4tt\u00e4ren ja uskonluopion saisi manattua takaisin el\u00e4vien kirjoihin. Vihjeit\u00e4 l\u00f6ytyi vanhoista valokuvista ja esineist\u00e4, aikalaisten sanomalehdest\u00e4 ja kirjeist\u00e4, joita alati syvemm\u00e4lle heikkomielisyyteen sy\u00f6ksyv\u00e4 Birgit ehti yst\u00e4v\u00e4tt\u00e4relleen kirjoittaa.<\/p>\n\n\n\n<p> L\u00f6ytyih\u00e4n se taikasana, ja Birgit, polttarisankarin syd\u00e4nyst\u00e4v\u00e4, ilmestyi joukkoon haudan takaa tulkitsemaan tarot-kortteja. Esoteria kun jalansijaa alkoi noihin aikoihin  saamaan ja mielenkiinto salatieteit\u00e4 kohtaan levisi.<\/p>\n\n\n\n<p>Toivottavasti sankaritar ja seurue puhdistautuvat pahoista hengist\u00e4 j\u00e4lkik\u00e4teen jo 1700-luvulla Naantalista l\u00f6ydetyss\u00e4 parantavassa l\u00e4hteess\u00e4. K\u00e4sikirjoitin, rakensin visuaaliset rekvisiitat, esiinnyin ja tein tulkinnat seurueelle.<\/p>\n\n\n\n<p>Kuvat tilaisuudesta otti Nina M\u00e4nts\u00e4l\u00e4<\/p>\n\n\n\n<figure class=\"wp-block-gallery has-nested-images columns-default is-cropped wp-block-gallery-1 is-layout-flex wp-block-gallery-is-layout-flex\">\n<figure class=\"wp-block-image size-large\"><img loading=\"lazy\" decoding=\"async\" width=\"1024\" height=\"1024\" data-id=\"302\" src=\"https:\/\/www.teekutsut.fi\/blog\/wp-content\/uploads\/2024\/10\/1000014906-1024x1024.webp\" alt=\"\" class=\"wp-image-302\" srcset=\"http:\/\/www.teekutsut.fi\/blog\/wp-content\/uploads\/2024\/10\/1000014906-1024x1024.webp 1024w, http:\/\/www.teekutsut.fi\/blog\/wp-content\/uploads\/2024\/10\/1000014906-300x300.webp 300w, http:\/\/www.teekutsut.fi\/blog\/wp-content\/uploads\/2024\/10\/1000014906-150x150.webp 150w, http:\/\/www.teekutsut.fi\/blog\/wp-content\/uploads\/2024\/10\/1000014906-768x768.webp 768w, http:\/\/www.teekutsut.fi\/blog\/wp-content\/uploads\/2024\/10\/1000014906.webp 1080w\" sizes=\"auto, (max-width: 1024px) 100vw, 1024px\" \/><\/figure>\n\n\n\n<figure class=\"wp-block-image size-large\"><img loading=\"lazy\" decoding=\"async\" width=\"1024\" height=\"1024\" data-id=\"303\" src=\"https:\/\/www.teekutsut.fi\/blog\/wp-content\/uploads\/2024\/10\/1000014914-1024x1024.webp\" alt=\"\" class=\"wp-image-303\" srcset=\"http:\/\/www.teekutsut.fi\/blog\/wp-content\/uploads\/2024\/10\/1000014914-1024x1024.webp 1024w, http:\/\/www.teekutsut.fi\/blog\/wp-content\/uploads\/2024\/10\/1000014914-300x300.webp 300w, http:\/\/www.teekutsut.fi\/blog\/wp-content\/uploads\/2024\/10\/1000014914-150x150.webp 150w, http:\/\/www.teekutsut.fi\/blog\/wp-content\/uploads\/2024\/10\/1000014914-768x768.webp 768w, http:\/\/www.teekutsut.fi\/blog\/wp-content\/uploads\/2024\/10\/1000014914.webp 1080w\" sizes=\"auto, (max-width: 1024px) 100vw, 1024px\" \/><\/figure>\n\n\n\n<figure class=\"wp-block-image size-large\"><img loading=\"lazy\" decoding=\"async\" width=\"1024\" height=\"1024\" data-id=\"304\" src=\"https:\/\/www.teekutsut.fi\/blog\/wp-content\/uploads\/2024\/10\/1000014907-1024x1024.webp\" alt=\"\" class=\"wp-image-304\" srcset=\"http:\/\/www.teekutsut.fi\/blog\/wp-content\/uploads\/2024\/10\/1000014907-1024x1024.webp 1024w, http:\/\/www.teekutsut.fi\/blog\/wp-content\/uploads\/2024\/10\/1000014907-300x300.webp 300w, http:\/\/www.teekutsut.fi\/blog\/wp-content\/uploads\/2024\/10\/1000014907-150x150.webp 150w, http:\/\/www.teekutsut.fi\/blog\/wp-content\/uploads\/2024\/10\/1000014907-768x768.webp 768w, http:\/\/www.teekutsut.fi\/blog\/wp-content\/uploads\/2024\/10\/1000014907.webp 1080w\" sizes=\"auto, (max-width: 1024px) 100vw, 1024px\" \/><\/figure>\n\n\n\n<figure class=\"wp-block-image size-large\"><img loading=\"lazy\" decoding=\"async\" width=\"1024\" height=\"1024\" data-id=\"305\" src=\"https:\/\/www.teekutsut.fi\/blog\/wp-content\/uploads\/2024\/10\/1000014908-1024x1024.webp\" alt=\"\" class=\"wp-image-305\" srcset=\"http:\/\/www.teekutsut.fi\/blog\/wp-content\/uploads\/2024\/10\/1000014908-1024x1024.webp 1024w, http:\/\/www.teekutsut.fi\/blog\/wp-content\/uploads\/2024\/10\/1000014908-300x300.webp 300w, http:\/\/www.teekutsut.fi\/blog\/wp-content\/uploads\/2024\/10\/1000014908-150x150.webp 150w, http:\/\/www.teekutsut.fi\/blog\/wp-content\/uploads\/2024\/10\/1000014908-768x768.webp 768w, http:\/\/www.teekutsut.fi\/blog\/wp-content\/uploads\/2024\/10\/1000014908.webp 1080w\" sizes=\"auto, (max-width: 1024px) 100vw, 1024px\" \/><\/figure>\n\n\n\n<figure class=\"wp-block-image size-large\"><img loading=\"lazy\" decoding=\"async\" width=\"1024\" height=\"1024\" data-id=\"306\" src=\"https:\/\/www.teekutsut.fi\/blog\/wp-content\/uploads\/2024\/10\/1000014909-1024x1024.webp\" alt=\"\" class=\"wp-image-306\" srcset=\"http:\/\/www.teekutsut.fi\/blog\/wp-content\/uploads\/2024\/10\/1000014909-1024x1024.webp 1024w, http:\/\/www.teekutsut.fi\/blog\/wp-content\/uploads\/2024\/10\/1000014909-300x300.webp 300w, http:\/\/www.teekutsut.fi\/blog\/wp-content\/uploads\/2024\/10\/1000014909-150x150.webp 150w, http:\/\/www.teekutsut.fi\/blog\/wp-content\/uploads\/2024\/10\/1000014909-768x768.webp 768w, http:\/\/www.teekutsut.fi\/blog\/wp-content\/uploads\/2024\/10\/1000014909.webp 1080w\" sizes=\"auto, (max-width: 1024px) 100vw, 1024px\" \/><\/figure>\n\n\n\n<figure class=\"wp-block-image size-large\"><img loading=\"lazy\" decoding=\"async\" width=\"1024\" height=\"1024\" data-id=\"308\" src=\"https:\/\/www.teekutsut.fi\/blog\/wp-content\/uploads\/2024\/10\/1000014910-1024x1024.webp\" alt=\"\" class=\"wp-image-308\" srcset=\"http:\/\/www.teekutsut.fi\/blog\/wp-content\/uploads\/2024\/10\/1000014910-1024x1024.webp 1024w, http:\/\/www.teekutsut.fi\/blog\/wp-content\/uploads\/2024\/10\/1000014910-300x300.webp 300w, http:\/\/www.teekutsut.fi\/blog\/wp-content\/uploads\/2024\/10\/1000014910-150x150.webp 150w, http:\/\/www.teekutsut.fi\/blog\/wp-content\/uploads\/2024\/10\/1000014910-768x768.webp 768w, http:\/\/www.teekutsut.fi\/blog\/wp-content\/uploads\/2024\/10\/1000014910.webp 1080w\" sizes=\"auto, (max-width: 1024px) 100vw, 1024px\" \/><\/figure>\n\n\n\n<figure class=\"wp-block-image size-large\"><img loading=\"lazy\" decoding=\"async\" width=\"1024\" height=\"1024\" data-id=\"309\" src=\"https:\/\/www.teekutsut.fi\/blog\/wp-content\/uploads\/2024\/10\/1000014911-1024x1024.webp\" alt=\"\" class=\"wp-image-309\" srcset=\"http:\/\/www.teekutsut.fi\/blog\/wp-content\/uploads\/2024\/10\/1000014911-1024x1024.webp 1024w, http:\/\/www.teekutsut.fi\/blog\/wp-content\/uploads\/2024\/10\/1000014911-300x300.webp 300w, http:\/\/www.teekutsut.fi\/blog\/wp-content\/uploads\/2024\/10\/1000014911-150x150.webp 150w, http:\/\/www.teekutsut.fi\/blog\/wp-content\/uploads\/2024\/10\/1000014911-768x768.webp 768w, http:\/\/www.teekutsut.fi\/blog\/wp-content\/uploads\/2024\/10\/1000014911.webp 1080w\" sizes=\"auto, (max-width: 1024px) 100vw, 1024px\" \/><\/figure>\n\n\n\n<figure class=\"wp-block-image size-large\"><img loading=\"lazy\" decoding=\"async\" width=\"1024\" height=\"1024\" data-id=\"307\" src=\"https:\/\/www.teekutsut.fi\/blog\/wp-content\/uploads\/2024\/10\/1000014912-1024x1024.webp\" alt=\"\" class=\"wp-image-307\" srcset=\"http:\/\/www.teekutsut.fi\/blog\/wp-content\/uploads\/2024\/10\/1000014912-1024x1024.webp 1024w, http:\/\/www.teekutsut.fi\/blog\/wp-content\/uploads\/2024\/10\/1000014912-300x300.webp 300w, http:\/\/www.teekutsut.fi\/blog\/wp-content\/uploads\/2024\/10\/1000014912-150x150.webp 150w, http:\/\/www.teekutsut.fi\/blog\/wp-content\/uploads\/2024\/10\/1000014912-768x768.webp 768w, http:\/\/www.teekutsut.fi\/blog\/wp-content\/uploads\/2024\/10\/1000014912.webp 1080w\" sizes=\"auto, (max-width: 1024px) 100vw, 1024px\" \/><\/figure>\n\n\n\n\n\n\n\n\n\n\n\n\n<\/figure>\n","protected":false},"excerpt":{"rendered":"<p>Hyl\u00e4tty ratavartijan asunto Naantalissa elokuun pimenev\u00e4ss\u00e4 illassa. Talolla on karmiva salaisuus. Polttariporukan teht\u00e4v\u00e4n\u00e4 oli ratkoa kutsu, jolla polttarisankarin 1863 kuolleen yst\u00e4v\u00e4tt\u00e4ren ja uskonluopion saisi manattua takaisin el\u00e4vien kirjoihin. Vihjeit\u00e4 l\u00f6ytyi vanhoista valokuvista ja esineist\u00e4, aikalaisten sanomalehdest\u00e4 ja kirjeist\u00e4, joita alati syvemm\u00e4lle heikkomielisyyteen sy\u00f6ksyv\u00e4 Birgit ehti yst\u00e4v\u00e4tt\u00e4relleen kirjoittaa. L\u00f6ytyih\u00e4n se taikasana, ja Birgit, polttarisankarin syd\u00e4nyst\u00e4v\u00e4, ilmestyi [&hellip;]<\/p>\n","protected":false},"author":1,"featured_media":302,"parent":0,"menu_order":0,"comment_status":"closed","ping_status":"closed","template":"","meta":{"footnotes":""},"class_list":["post-301","page","type-page","status-publish","has-post-thumbnail","hentry"],"_links":{"self":[{"href":"http:\/\/www.teekutsut.fi\/blog\/index.php\/wp-json\/wp\/v2\/pages\/301","targetHints":{"allow":["GET"]}}],"collection":[{"href":"http:\/\/www.teekutsut.fi\/blog\/index.php\/wp-json\/wp\/v2\/pages"}],"about":[{"href":"http:\/\/www.teekutsut.fi\/blog\/index.php\/wp-json\/wp\/v2\/types\/page"}],"author":[{"embeddable":true,"href":"http:\/\/www.teekutsut.fi\/blog\/index.php\/wp-json\/wp\/v2\/users\/1"}],"replies":[{"embeddable":true,"href":"http:\/\/www.teekutsut.fi\/blog\/index.php\/wp-json\/wp\/v2\/comments?post=301"}],"version-history":[{"count":1,"href":"http:\/\/www.teekutsut.fi\/blog\/index.php\/wp-json\/wp\/v2\/pages\/301\/revisions"}],"predecessor-version":[{"id":313,"href":"http:\/\/www.teekutsut.fi\/blog\/index.php\/wp-json\/wp\/v2\/pages\/301\/revisions\/313"}],"wp:featuredmedia":[{"embeddable":true,"href":"http:\/\/www.teekutsut.fi\/blog\/index.php\/wp-json\/wp\/v2\/media\/302"}],"wp:attachment":[{"href":"http:\/\/www.teekutsut.fi\/blog\/index.php\/wp-json\/wp\/v2\/media?parent=301"}],"curies":[{"name":"wp","href":"https:\/\/api.w.org\/{rel}","templated":true}]}}