{"id":193,"date":"2023-10-11T21:56:22","date_gmt":"2023-10-11T21:56:22","guid":{"rendered":"https:\/\/www.teekutsut.fi\/blog\/?page_id=193"},"modified":"2025-03-24T14:36:21","modified_gmt":"2025-03-24T14:36:21","slug":"8-out-of-10-cats-does-countdown","status":"publish","type":"page","link":"http:\/\/www.teekutsut.fi\/blog\/index.php\/8-out-of-10-cats-does-countdown\/","title":{"rendered":"8 out of 10 cats does Countdown"},"content":{"rendered":"\n<figure class=\"wp-block-image\"><img loading=\"lazy\" decoding=\"async\" width=\"1080\" height=\"1350\" src=\"https:\/\/www.teekutsut.fi\/blog\/wp-content\/uploads\/2023\/10\/IMG_20231008_143201_886.jpg\" alt=\"\" class=\"wp-image-194\" srcset=\"http:\/\/www.teekutsut.fi\/blog\/wp-content\/uploads\/2023\/10\/IMG_20231008_143201_886.jpg 1080w, http:\/\/www.teekutsut.fi\/blog\/wp-content\/uploads\/2023\/10\/IMG_20231008_143201_886-240x300.jpg 240w, http:\/\/www.teekutsut.fi\/blog\/wp-content\/uploads\/2023\/10\/IMG_20231008_143201_886-819x1024.jpg 819w, http:\/\/www.teekutsut.fi\/blog\/wp-content\/uploads\/2023\/10\/IMG_20231008_143201_886-768x960.jpg 768w\" sizes=\"auto, (max-width: 1080px) 100vw, 1080px\" \/><\/figure>\n\n\n\n<p><\/p>\n\n\n\n<p>P\u00e4\u00e4sin esitt\u00e4m\u00e4\u00e4n taidokas naamari p\u00e4\u00e4ss\u00e4 Jimmy Carria, humoristisen brittipaneelin koomikko-juontajaa. Kaskuni eiv\u00e4t olleet yht\u00e4 suuri hitti kuin valkotaulu loppuillasta. Alkuun k\u00e4ytiin l\u00e4pi jokaisen tuoma maskotti ja kivoja tarinoita mit\u00e4 merkillisimm\u00e4st\u00e4 pikkutavaroista sai kuulla!<\/p>\n\n\n\n<p>Ohjelma koostui joukkueiksi jaetun yleis\u00f6n haastamisesta aivop\u00e4hkin\u00f6ihin: milloin ratkottiin sana-arvoituksia, milloin matematiikkapainotteisia teht\u00e4vi\u00e4. Finaalissa yritettiin ratkaista anagrammi ja voittaja selvisi ilman merimiespainia.<\/p>\n\n\n\n<p>Sankari oli vallan tyytyv\u00e4inen suosikkiohjelmansa teemaan, kuten kuvasta n\u00e4kyy. Muut vieraat kommentoivat n\u00e4in:<\/p>\n\n\n\n<blockquote class=\"wp-block-quote is-layout-flow wp-block-quote-is-layout-flow\">\n<p><\/p>\n<cite>Alkuilta oli odottelua, vasta ohjelman alkaessa juhlatkin varsinaisesti alkoivat. Oli mukava jutella muiden vieraiden kanssa yhteisten teht\u00e4vien parissa<\/cite><\/blockquote>\n\n\n\n<p>T\u00e4ss\u00e4 onkin pakettieni suoma mahdollisuus: virallisen leikkiosuuden j\u00e4lkeen juhlat potkaistaan kunnolla k\u00e4yntiin. Vieraat voivat omien ehtojensa mukaan tutustua toisiinsa.<\/p>\n\n\n\n<p>T\u00e4llaista vai ihan jotain muuta? Tutustu palveluvalikoimaani, voimme my\u00f6s yhdess\u00e4 r\u00e4\u00e4t\u00e4l\u00f6id\u00e4 sis\u00e4ll\u00f6n, rekvisiittaa ja somistuksia oman mielenkiinnon kohteesi perusteella. <\/p>\n","protected":false},"excerpt":{"rendered":"<p>P\u00e4\u00e4sin esitt\u00e4m\u00e4\u00e4n taidokas naamari p\u00e4\u00e4ss\u00e4 Jimmy Carria, humoristisen brittipaneelin koomikko-juontajaa. Kaskuni eiv\u00e4t olleet yht\u00e4 suuri hitti kuin valkotaulu loppuillasta. Alkuun k\u00e4ytiin l\u00e4pi jokaisen tuoma maskotti ja kivoja tarinoita mit\u00e4 merkillisimm\u00e4st\u00e4 pikkutavaroista sai kuulla! Ohjelma koostui joukkueiksi jaetun yleis\u00f6n haastamisesta aivop\u00e4hkin\u00f6ihin: milloin ratkottiin sana-arvoituksia, milloin matematiikkapainotteisia teht\u00e4vi\u00e4. Finaalissa yritettiin ratkaista anagrammi ja voittaja selvisi ilman merimiespainia. [&hellip;]<\/p>\n","protected":false},"author":1,"featured_media":194,"parent":0,"menu_order":0,"comment_status":"closed","ping_status":"closed","template":"","meta":{"footnotes":""},"class_list":["post-193","page","type-page","status-publish","has-post-thumbnail","hentry"],"_links":{"self":[{"href":"http:\/\/www.teekutsut.fi\/blog\/index.php\/wp-json\/wp\/v2\/pages\/193","targetHints":{"allow":["GET"]}}],"collection":[{"href":"http:\/\/www.teekutsut.fi\/blog\/index.php\/wp-json\/wp\/v2\/pages"}],"about":[{"href":"http:\/\/www.teekutsut.fi\/blog\/index.php\/wp-json\/wp\/v2\/types\/page"}],"author":[{"embeddable":true,"href":"http:\/\/www.teekutsut.fi\/blog\/index.php\/wp-json\/wp\/v2\/users\/1"}],"replies":[{"embeddable":true,"href":"http:\/\/www.teekutsut.fi\/blog\/index.php\/wp-json\/wp\/v2\/comments?post=193"}],"version-history":[{"count":2,"href":"http:\/\/www.teekutsut.fi\/blog\/index.php\/wp-json\/wp\/v2\/pages\/193\/revisions"}],"predecessor-version":[{"id":440,"href":"http:\/\/www.teekutsut.fi\/blog\/index.php\/wp-json\/wp\/v2\/pages\/193\/revisions\/440"}],"wp:featuredmedia":[{"embeddable":true,"href":"http:\/\/www.teekutsut.fi\/blog\/index.php\/wp-json\/wp\/v2\/media\/194"}],"wp:attachment":[{"href":"http:\/\/www.teekutsut.fi\/blog\/index.php\/wp-json\/wp\/v2\/media?parent=193"}],"curies":[{"name":"wp","href":"https:\/\/api.w.org\/{rel}","templated":true}]}}