{"id":158,"date":"2023-09-24T22:56:03","date_gmt":"2023-09-24T22:56:03","guid":{"rendered":"http:\/\/www.teekutsut.fi\/blog\/?page_id=158"},"modified":"2025-03-26T09:27:17","modified_gmt":"2025-03-26T09:27:17","slug":"tarot-luentaa-juhliin","status":"publish","type":"page","link":"http:\/\/www.teekutsut.fi\/blog\/index.php\/tarot-luentaa-juhliin\/","title":{"rendered":"Tarot-tulkintaa juhliin"},"content":{"rendered":"\n<p>Hullu Hatuntekij\u00e4 l\u00f6ysi Tarotin ihmeelliseen maailmaan tiens\u00e4 joulukuussa 2021. Siit\u00e4 l\u00e4htien h\u00e4n on tulkinnut korteista s\u00e4\u00e4nn\u00f6llisen ep\u00e4s\u00e4\u00e4nn\u00f6llisesti. Perinteisen luennan lis\u00e4ksi tarjolla on kokonaisvaltaisen esoteerinen tunnelma korttien \u00e4\u00e4rell\u00e4.<\/p>\n\n\n\n<p>Tulkinnassa laskeudutaan kunkin el\u00e4m\u00e4n ongelmakohtiin, haasteisiin tai mielt\u00e4 askarruttavien kysymysten pariin. Sinun ei tarvitse kertoa tulkitsijalle millaisen kysymyksen \u00e4\u00e4rell\u00e4 olet. Kortit katsovat menneeseen, nykyhetkeen ja tulevaisuuteen kysymyksesi kantilta.<\/p>\n\n\n\n<p>Vuodelta 1750 Bolognasta on per\u00e4isin ensimm\u00e4inen kuvaus siit\u00e4, kuinka tarot-korteilla ennustetaan. Perinne on ollut olemassa ennen sen kirjallista kuvausta.<\/p>\n\n\n\n<p>Tarot ei ole yliluonnollista, vaan oiva tapa k\u00e4\u00e4nty\u00e4 sis\u00e4\u00e4np\u00e4in tutkimaan el\u00e4m\u00e4\u00e4ns\u00e4 ja lis\u00e4\u00e4m\u00e4\u00e4n itsetietoisuutta.<\/p>\n\n\n\n<ul class=\"wp-block-list\">\n<li>Tarot-luentaa Mademoiselle Pompadourin tyyliin. Mademoiselle saapuu luentaan suoraan buduaarista, kuten arvokkaalle rokokoo-neitoselle kuuluukin<\/li>\n\n\n\n<li>Muinainen tiet\u00e4j\u00e4nainen saapuu esoteerisen rekvisiittansa kanssa tuonpuoleisesta &#8211; varaudu hivenen erilaiseen el\u00e4mykseen<\/li>\n<\/ul>\n\n\n\n<p>Molemmat vaihtoehdot 15\u20ac\/hl\u00f6. Tarvittaessa voimme r\u00e4\u00e4t\u00e4l\u00f6id\u00e4 tarot-aiheista ohjelmaa perinteisen tulkinnan lis\u00e4ksi! Kysy tarjousta: info@teekutsut.fi <\/p>\n\n\n\n<figure class=\"wp-block-gallery has-nested-images columns-default is-cropped wp-block-gallery-1 is-layout-flex wp-block-gallery-is-layout-flex\">\n<figure class=\"wp-block-image size-large\"><img loading=\"lazy\" decoding=\"async\" width=\"1024\" height=\"536\" data-id=\"463\" src=\"https:\/\/www.teekutsut.fi\/blog\/wp-content\/uploads\/2025\/03\/eventheader_tarot-1024x536.jpg\" alt=\"\" class=\"wp-image-463\" srcset=\"http:\/\/www.teekutsut.fi\/blog\/wp-content\/uploads\/2025\/03\/eventheader_tarot-1024x536.jpg 1024w, http:\/\/www.teekutsut.fi\/blog\/wp-content\/uploads\/2025\/03\/eventheader_tarot-300x157.jpg 300w, http:\/\/www.teekutsut.fi\/blog\/wp-content\/uploads\/2025\/03\/eventheader_tarot-768x402.jpg 768w, http:\/\/www.teekutsut.fi\/blog\/wp-content\/uploads\/2025\/03\/eventheader_tarot-1536x804.jpg 1536w, http:\/\/www.teekutsut.fi\/blog\/wp-content\/uploads\/2025\/03\/eventheader_tarot.jpg 1920w\" sizes=\"auto, (max-width: 1024px) 100vw, 1024px\" \/><\/figure>\n\n\n\n<figure class=\"wp-block-image size-large\"><img loading=\"lazy\" decoding=\"async\" width=\"819\" height=\"1024\" data-id=\"462\" src=\"https:\/\/www.teekutsut.fi\/blog\/wp-content\/uploads\/2025\/03\/tarot_some_00-819x1024.jpg\" alt=\"\" class=\"wp-image-462\" srcset=\"http:\/\/www.teekutsut.fi\/blog\/wp-content\/uploads\/2025\/03\/tarot_some_00-819x1024.jpg 819w, http:\/\/www.teekutsut.fi\/blog\/wp-content\/uploads\/2025\/03\/tarot_some_00-240x300.jpg 240w, http:\/\/www.teekutsut.fi\/blog\/wp-content\/uploads\/2025\/03\/tarot_some_00-768x960.jpg 768w, http:\/\/www.teekutsut.fi\/blog\/wp-content\/uploads\/2025\/03\/tarot_some_00.jpg 1080w\" sizes=\"auto, (max-width: 819px) 100vw, 819px\" \/><\/figure>\n\n\n\n<figure class=\"wp-block-image size-large\"><img loading=\"lazy\" decoding=\"async\" width=\"819\" height=\"1024\" data-id=\"460\" src=\"https:\/\/www.teekutsut.fi\/blog\/wp-content\/uploads\/2025\/03\/tarot_some_01-819x1024.jpg\" alt=\"\" class=\"wp-image-460\" srcset=\"http:\/\/www.teekutsut.fi\/blog\/wp-content\/uploads\/2025\/03\/tarot_some_01-819x1024.jpg 819w, http:\/\/www.teekutsut.fi\/blog\/wp-content\/uploads\/2025\/03\/tarot_some_01-240x300.jpg 240w, http:\/\/www.teekutsut.fi\/blog\/wp-content\/uploads\/2025\/03\/tarot_some_01-768x960.jpg 768w, http:\/\/www.teekutsut.fi\/blog\/wp-content\/uploads\/2025\/03\/tarot_some_01.jpg 1080w\" sizes=\"auto, (max-width: 819px) 100vw, 819px\" \/><\/figure>\n\n\n\n<figure class=\"wp-block-image size-large\"><img loading=\"lazy\" decoding=\"async\" width=\"819\" height=\"1024\" data-id=\"465\" src=\"https:\/\/www.teekutsut.fi\/blog\/wp-content\/uploads\/2025\/03\/tarot_some_02-819x1024.jpg\" alt=\"\" class=\"wp-image-465\" srcset=\"http:\/\/www.teekutsut.fi\/blog\/wp-content\/uploads\/2025\/03\/tarot_some_02-819x1024.jpg 819w, http:\/\/www.teekutsut.fi\/blog\/wp-content\/uploads\/2025\/03\/tarot_some_02-240x300.jpg 240w, http:\/\/www.teekutsut.fi\/blog\/wp-content\/uploads\/2025\/03\/tarot_some_02-768x960.jpg 768w, http:\/\/www.teekutsut.fi\/blog\/wp-content\/uploads\/2025\/03\/tarot_some_02.jpg 1080w\" sizes=\"auto, (max-width: 819px) 100vw, 819px\" \/><\/figure>\n\n\n\n<figure class=\"wp-block-image size-large\"><img loading=\"lazy\" decoding=\"async\" width=\"819\" height=\"1024\" data-id=\"466\" src=\"https:\/\/www.teekutsut.fi\/blog\/wp-content\/uploads\/2025\/03\/tarot_some_03-819x1024.jpg\" alt=\"\" class=\"wp-image-466\" srcset=\"http:\/\/www.teekutsut.fi\/blog\/wp-content\/uploads\/2025\/03\/tarot_some_03-819x1024.jpg 819w, http:\/\/www.teekutsut.fi\/blog\/wp-content\/uploads\/2025\/03\/tarot_some_03-240x300.jpg 240w, http:\/\/www.teekutsut.fi\/blog\/wp-content\/uploads\/2025\/03\/tarot_some_03-768x960.jpg 768w, http:\/\/www.teekutsut.fi\/blog\/wp-content\/uploads\/2025\/03\/tarot_some_03.jpg 1080w\" sizes=\"auto, (max-width: 819px) 100vw, 819px\" \/><\/figure>\n\n\n\n<figure class=\"wp-block-image size-large\"><img loading=\"lazy\" decoding=\"async\" width=\"819\" height=\"1024\" data-id=\"468\" src=\"https:\/\/www.teekutsut.fi\/blog\/wp-content\/uploads\/2025\/03\/tarot_some_04-819x1024.jpg\" alt=\"\" class=\"wp-image-468\" srcset=\"http:\/\/www.teekutsut.fi\/blog\/wp-content\/uploads\/2025\/03\/tarot_some_04-819x1024.jpg 819w, http:\/\/www.teekutsut.fi\/blog\/wp-content\/uploads\/2025\/03\/tarot_some_04-240x300.jpg 240w, http:\/\/www.teekutsut.fi\/blog\/wp-content\/uploads\/2025\/03\/tarot_some_04-768x960.jpg 768w, http:\/\/www.teekutsut.fi\/blog\/wp-content\/uploads\/2025\/03\/tarot_some_04.jpg 1080w\" sizes=\"auto, (max-width: 819px) 100vw, 819px\" \/><\/figure>\n\n\n\n<figure class=\"wp-block-image size-large\"><img loading=\"lazy\" decoding=\"async\" width=\"819\" height=\"1024\" data-id=\"464\" src=\"https:\/\/www.teekutsut.fi\/blog\/wp-content\/uploads\/2025\/03\/tarot_some_05-819x1024.jpg\" alt=\"\" class=\"wp-image-464\" srcset=\"http:\/\/www.teekutsut.fi\/blog\/wp-content\/uploads\/2025\/03\/tarot_some_05-819x1024.jpg 819w, http:\/\/www.teekutsut.fi\/blog\/wp-content\/uploads\/2025\/03\/tarot_some_05-240x300.jpg 240w, http:\/\/www.teekutsut.fi\/blog\/wp-content\/uploads\/2025\/03\/tarot_some_05-768x960.jpg 768w, http:\/\/www.teekutsut.fi\/blog\/wp-content\/uploads\/2025\/03\/tarot_some_05.jpg 1080w\" sizes=\"auto, (max-width: 819px) 100vw, 819px\" \/><\/figure>\n\n\n\n<figure class=\"wp-block-image size-large\"><img loading=\"lazy\" decoding=\"async\" width=\"819\" height=\"1024\" data-id=\"471\" src=\"https:\/\/www.teekutsut.fi\/blog\/wp-content\/uploads\/2025\/03\/tarot_some_06-819x1024.jpg\" alt=\"\" class=\"wp-image-471\" srcset=\"http:\/\/www.teekutsut.fi\/blog\/wp-content\/uploads\/2025\/03\/tarot_some_06-819x1024.jpg 819w, http:\/\/www.teekutsut.fi\/blog\/wp-content\/uploads\/2025\/03\/tarot_some_06-240x300.jpg 240w, http:\/\/www.teekutsut.fi\/blog\/wp-content\/uploads\/2025\/03\/tarot_some_06-768x960.jpg 768w, http:\/\/www.teekutsut.fi\/blog\/wp-content\/uploads\/2025\/03\/tarot_some_06.jpg 1080w\" sizes=\"auto, (max-width: 819px) 100vw, 819px\" \/><\/figure>\n\n\n\n<figure class=\"wp-block-image size-large\"><img loading=\"lazy\" decoding=\"async\" width=\"819\" height=\"1024\" data-id=\"470\" src=\"https:\/\/www.teekutsut.fi\/blog\/wp-content\/uploads\/2025\/03\/tarot_some_07-819x1024.jpg\" alt=\"\" class=\"wp-image-470\" srcset=\"http:\/\/www.teekutsut.fi\/blog\/wp-content\/uploads\/2025\/03\/tarot_some_07-819x1024.jpg 819w, http:\/\/www.teekutsut.fi\/blog\/wp-content\/uploads\/2025\/03\/tarot_some_07-240x300.jpg 240w, http:\/\/www.teekutsut.fi\/blog\/wp-content\/uploads\/2025\/03\/tarot_some_07-768x960.jpg 768w, http:\/\/www.teekutsut.fi\/blog\/wp-content\/uploads\/2025\/03\/tarot_some_07.jpg 1080w\" sizes=\"auto, (max-width: 819px) 100vw, 819px\" \/><\/figure>\n\n\n\n<figure class=\"wp-block-image size-large\"><img loading=\"lazy\" decoding=\"async\" width=\"819\" height=\"1024\" data-id=\"461\" src=\"https:\/\/www.teekutsut.fi\/blog\/wp-content\/uploads\/2025\/03\/tarot_some_08-819x1024.jpg\" alt=\"\" class=\"wp-image-461\" srcset=\"http:\/\/www.teekutsut.fi\/blog\/wp-content\/uploads\/2025\/03\/tarot_some_08-819x1024.jpg 819w, http:\/\/www.teekutsut.fi\/blog\/wp-content\/uploads\/2025\/03\/tarot_some_08-240x300.jpg 240w, http:\/\/www.teekutsut.fi\/blog\/wp-content\/uploads\/2025\/03\/tarot_some_08-768x960.jpg 768w, http:\/\/www.teekutsut.fi\/blog\/wp-content\/uploads\/2025\/03\/tarot_some_08.jpg 1080w\" sizes=\"auto, (max-width: 819px) 100vw, 819px\" \/><\/figure>\n\n\n\n<figure class=\"wp-block-image size-large\"><img loading=\"lazy\" decoding=\"async\" width=\"819\" height=\"1024\" data-id=\"472\" src=\"https:\/\/www.teekutsut.fi\/blog\/wp-content\/uploads\/2025\/03\/tarot_some_09-819x1024.jpg\" alt=\"\" class=\"wp-image-472\" srcset=\"http:\/\/www.teekutsut.fi\/blog\/wp-content\/uploads\/2025\/03\/tarot_some_09-819x1024.jpg 819w, http:\/\/www.teekutsut.fi\/blog\/wp-content\/uploads\/2025\/03\/tarot_some_09-240x300.jpg 240w, http:\/\/www.teekutsut.fi\/blog\/wp-content\/uploads\/2025\/03\/tarot_some_09-768x960.jpg 768w, http:\/\/www.teekutsut.fi\/blog\/wp-content\/uploads\/2025\/03\/tarot_some_09.jpg 1080w\" sizes=\"auto, (max-width: 819px) 100vw, 819px\" \/><\/figure>\n\n\n\n<figure class=\"wp-block-image size-large\"><img loading=\"lazy\" decoding=\"async\" width=\"819\" height=\"1024\" data-id=\"467\" src=\"https:\/\/www.teekutsut.fi\/blog\/wp-content\/uploads\/2025\/03\/tarot_some_10-819x1024.jpg\" alt=\"\" class=\"wp-image-467\" srcset=\"http:\/\/www.teekutsut.fi\/blog\/wp-content\/uploads\/2025\/03\/tarot_some_10-819x1024.jpg 819w, http:\/\/www.teekutsut.fi\/blog\/wp-content\/uploads\/2025\/03\/tarot_some_10-240x300.jpg 240w, http:\/\/www.teekutsut.fi\/blog\/wp-content\/uploads\/2025\/03\/tarot_some_10-768x960.jpg 768w, http:\/\/www.teekutsut.fi\/blog\/wp-content\/uploads\/2025\/03\/tarot_some_10.jpg 1080w\" sizes=\"auto, (max-width: 819px) 100vw, 819px\" \/><\/figure>\n<\/figure>\n","protected":false},"excerpt":{"rendered":"<p>Hullu Hatuntekij\u00e4 l\u00f6ysi Tarotin ihmeelliseen maailmaan tiens\u00e4 joulukuussa 2021. Siit\u00e4 l\u00e4htien h\u00e4n on tulkinnut korteista s\u00e4\u00e4nn\u00f6llisen ep\u00e4s\u00e4\u00e4nn\u00f6llisesti. Perinteisen luennan lis\u00e4ksi tarjolla on kokonaisvaltaisen esoteerinen tunnelma korttien \u00e4\u00e4rell\u00e4. Tulkinnassa laskeudutaan kunkin el\u00e4m\u00e4n ongelmakohtiin, haasteisiin tai mielt\u00e4 askarruttavien kysymysten pariin. Sinun ei tarvitse kertoa tulkitsijalle millaisen kysymyksen \u00e4\u00e4rell\u00e4 olet. Kortit katsovat menneeseen, nykyhetkeen ja tulevaisuuteen kysymyksesi kantilta. [&hellip;]<\/p>\n","protected":false},"author":1,"featured_media":0,"parent":0,"menu_order":0,"comment_status":"closed","ping_status":"closed","template":"","meta":{"footnotes":""},"class_list":["post-158","page","type-page","status-publish","hentry"],"_links":{"self":[{"href":"http:\/\/www.teekutsut.fi\/blog\/index.php\/wp-json\/wp\/v2\/pages\/158","targetHints":{"allow":["GET"]}}],"collection":[{"href":"http:\/\/www.teekutsut.fi\/blog\/index.php\/wp-json\/wp\/v2\/pages"}],"about":[{"href":"http:\/\/www.teekutsut.fi\/blog\/index.php\/wp-json\/wp\/v2\/types\/page"}],"author":[{"embeddable":true,"href":"http:\/\/www.teekutsut.fi\/blog\/index.php\/wp-json\/wp\/v2\/users\/1"}],"replies":[{"embeddable":true,"href":"http:\/\/www.teekutsut.fi\/blog\/index.php\/wp-json\/wp\/v2\/comments?post=158"}],"version-history":[{"count":7,"href":"http:\/\/www.teekutsut.fi\/blog\/index.php\/wp-json\/wp\/v2\/pages\/158\/revisions"}],"predecessor-version":[{"id":475,"href":"http:\/\/www.teekutsut.fi\/blog\/index.php\/wp-json\/wp\/v2\/pages\/158\/revisions\/475"}],"wp:attachment":[{"href":"http:\/\/www.teekutsut.fi\/blog\/index.php\/wp-json\/wp\/v2\/media?parent=158"}],"curies":[{"name":"wp","href":"https:\/\/api.w.org\/{rel}","templated":true}]}}